{"id":3,"date":"2025-11-12T20:26:27","date_gmt":"2025-11-12T20:26:27","guid":{"rendered":"https:\/\/formadesco.com\/?page_id=3"},"modified":"2025-12-03T08:57:03","modified_gmt":"2025-12-03T08:57:03","slug":"politica-de-privacidad","status":"publish","type":"page","link":"https:\/\/formadesco.com\/en\/politica-de-privacidad\/","title":{"rendered":"Privacy policy"},"content":{"rendered":"<div class=\"wp-block-uagb-advanced-heading uagb-block-9d04c424\"><h2 class=\"uagb-heading-text\">Controller of personal data<\/h2><div class=\"uagb-separator\"><\/div><\/div>\n\n\n\n<p class=\"has-text-color has-link-color wp-elements-e0b4ccfc9991bd11e70d5407470409e3\" style=\"color:#242424\"><strong>Formadesco<\/strong><br>Address: <strong>TBD<\/strong><br>Phone: <strong>+52 55 4584 3550<\/strong><br>Email: <strong>info@formadesco.com<\/strong><\/p>\n\n\n\n<p class=\"has-text-color has-link-color wp-elements-96d9455c84b6d5b953add8da5151fb0c\" style=\"color:#242424\">From now on, <em>\"the Company\"<\/em>.<\/p>\n\n\n\n<div class=\"wp-block-uagb-advanced-heading uagb-block-89179a48\"><h2 class=\"uagb-heading-text\">Scope of application<\/h2><div class=\"uagb-separator\"><\/div><\/div>\n\n\n\n<p class=\"has-text-color has-link-color wp-elements-e91e40bd11162ff858c7b608d055bc86\" style=\"color:#242424\">This Privacy Policy applies to users who access this website from <strong>anywhere in the world<\/strong>.<\/p>\n\n\n\n<div class=\"wp-block-uagb-advanced-heading uagb-block-b71c6ab2\"><h2 class=\"uagb-heading-text\">Processed data and purpose<\/h2><div class=\"uagb-separator\"><\/div><\/div>\n\n\n\n<figure class=\"wp-block-table\"><table class=\"has-text-color has-link-color has-fixed-layout\" style=\"color:#242424\"><thead><tr><th>Purpose of processing<\/th><th>Processed data<\/th><\/tr><\/thead><tbody><tr><td>To manage inquiries or requests submitted through the contact form<\/td><td>First Name, Last Name, Phone, Email, and Comments<\/td><\/tr><tr><td>Communications via WhatsApp<\/td><td>Phone number and conversation data<\/td><\/tr><tr><td>Analysis and improvement of website performance using Google Analytics<\/td><td>Technical browsing data<\/td><\/tr><\/tbody><\/table><\/figure>\n\n\n\n<div class=\"wp-block-uagb-advanced-heading uagb-block-2ecf4723\"><h2 class=\"uagb-heading-text\">Data retention<\/h2><div class=\"uagb-separator\"><\/div><\/div>\n\n\n\n<p class=\"has-text-color has-link-color wp-elements-1b49dbf41848efc7a464548164024759\" style=\"color:#242424\">The data will be retained for the following periods:<\/p>\n\n\n\n<ul class=\"wp-block-list\">\n<li class=\"has-text-color has-link-color wp-elements-280d091bf9d36f2e7db31e014b10de98\" style=\"color:#242424\">Contact form: <strong>up to 36 months<\/strong> from the last interaction or completion of the contracted services.<\/li>\n\n\n\n<li class=\"has-text-color has-link-color wp-elements-9dd370068b85c0625da14ad0d3ccd11e\" style=\"color:#242424\">WhatsApp: Until the resolution of the inquiry or completion of the contracted services.<\/li>\n\n\n\n<li class=\"has-text-color has-link-color wp-elements-6b9d50e46d5e332ff6089b407a007c0e\" style=\"color:#242424\">Analytical data: according to Google Analytics configuration (without direct identification).<\/li>\n<\/ul>\n\n\n\n<div class=\"wp-block-uagb-advanced-heading uagb-block-b780f530\"><h2 class=\"uagb-heading-text\">User rights<\/h2><div class=\"uagb-separator\"><\/div><\/div>\n\n\n\n<p class=\"has-text-color has-link-color wp-elements-89c5590f0d45e52af05d6cccf3e62581\" style=\"color:#242424\">You may exercise your rights to:<\/p>\n\n\n\n<ul class=\"wp-block-list\">\n<li class=\"has-text-color has-link-color wp-elements-5dc552f351dd5d3dc9f98866ebf609c5\" style=\"color:#242424\">Access<\/li>\n\n\n\n<li class=\"has-text-color has-link-color wp-elements-af4579f97831b7cf1720f7d9bef4be8b\" style=\"color:#242424\">Rectification<\/li>\n\n\n\n<li class=\"has-text-color has-link-color wp-elements-55e7fd4ee6f86d8b5938d7bca4b7866f\" style=\"color:#242424\">Erasure (right to be forgotten)<\/li>\n\n\n\n<li class=\"has-text-color has-link-color wp-elements-953d17221ea5fc98b5e437ba7502161d\" style=\"color:#242424\">Objection<\/li>\n\n\n\n<li class=\"has-text-color has-link-color wp-elements-d7f3cd7991e78a83244b28754bf8244f\" style=\"color:#242424\">Restriction<\/li>\n\n\n\n<li class=\"has-text-color has-link-color wp-elements-57b84526f58a37b33600dfd6ff5649a3\" style=\"color:#242424\">Portability<\/li>\n<\/ul>\n\n\n\n<div class=\"wp-block-uagb-advanced-heading uagb-block-90b2ddd1\"><h2 class=\"uagb-heading-text\">Contact via WhatsApp<\/h2><div class=\"uagb-separator\"><\/div><\/div>\n\n\n\n<p class=\"has-text-color has-link-color wp-elements-60f30d0e54c4423c6802bce43e471ac2\" style=\"color:#242424\">The use of WhatsApp is voluntary, and the data will be processed solely to respond to the received request or until the completion of the contracted services.<\/p>\n\n\n\n<p class=\"has-text-color has-link-color wp-elements-651f5408303ebbfa03578b8f80e7ac7b\" style=\"color:#242424\">The user should be aware that this platform belongs to Meta (USA) and that its own privacy policies may apply.<\/p>\n\n\n\n<div class=\"wp-block-uagb-advanced-heading uagb-block-e3338f88\"><h2 class=\"uagb-heading-text\">Use of Google Analytics<\/h2><div class=\"uagb-separator\"><\/div><\/div>\n\n\n\n<p class=\"has-text-color has-link-color wp-elements-f5685a62809fb64a9b5280bc642e877d\" style=\"color:#242424\">We use Google Analytics exclusively for statistical purposes and browsing analysis.<\/p>\n\n\n\n<p class=\"has-text-color has-link-color wp-elements-f92e0d664f61d478c69589ef39a52435\" style=\"color:#242424\">The user should be aware that this platform belongs to Google (USA) and that its own privacy policies may apply.<\/p>\n\n\n\n<div class=\"wp-block-uagb-advanced-heading uagb-block-018c80fe\"><h2 class=\"uagb-heading-text\">Data security<\/h2><div class=\"uagb-separator\"><\/div><\/div>\n\n\n\n<p class=\"has-text-color has-link-color wp-elements-ff54f0cfdc1615360734edfb43c1f190\" style=\"color:#242424\">The Company adopts technical measures to protect the data against unauthorized access, loss, or alteration.<\/p>\n\n\n\n<div class=\"wp-block-uagb-advanced-heading uagb-block-d05a92a1\"><h2 class=\"uagb-heading-text\">Forms and communications<\/h2><div class=\"uagb-separator\"><\/div><\/div>\n\n\n\n<p class=\"has-text-color has-link-color wp-elements-b44ccbe24003cf4b20a31b50998dc496\" style=\"color:#242424\">The data entered in the form will be used solely to manage contact or information requests.<\/p>\n\n\n\n<p class=\"has-text-color has-link-color wp-elements-c5d60502c68f61ebce810808c1bf8ff3\" style=\"color:#242424\">They will not be used for commercial communications without prior and explicit consent.<\/p>\n\n\n\n<div class=\"wp-block-uagb-advanced-heading uagb-block-3fd23f72\"><h2 class=\"uagb-heading-text\">Policy modification<\/h2><div class=\"uagb-separator\"><\/div><\/div>\n\n\n\n<p class=\"has-text-color has-link-color wp-elements-b10a82de4d42f0c9908c0f6df69cae86\" style=\"color:#242424\">The Company may modify this Policy to adapt it to legislative or technical changes.<\/p>\n\n\n\n<p class=\"has-text-color has-link-color wp-elements-9a0f3203816d9374510b514ed9185e72\" style=\"color:#242424\">It is recommended to review it periodically.<\/p>\n\n\n\n<div class=\"wp-block-uagb-advanced-heading uagb-block-215bd731\"><h2 class=\"uagb-heading-text\">Contact regarding data protection<\/h2><div class=\"uagb-separator\"><\/div><\/div>\n\n\n\n<ul class=\"wp-block-list\">\n<li class=\"has-text-color has-link-color wp-elements-e2f82aa3dc4e5b93944203b1f9db248e\" style=\"color:#242424\">Email: info@formadesco.com<\/li>\n\n\n\n<li class=\"has-text-color has-link-color wp-elements-83a501566adab935b82feb6dd7d14261\" style=\"color:#242424\">Whatsapp: +52 55 4584 3550<\/li>\n<\/ul>\n\n\n\n<p class=\"has-text-align-center has-text-color has-link-color wp-elements-fa26b0ac17aa4703182e91286a1731bb\" style=\"color:#242424;margin-top:var(--wp--preset--spacing--80);margin-bottom:0\">Las update: 21\/11\/2025<\/p>\n\n\n\n<p><\/p>","protected":false},"excerpt":{"rendered":"<p>Responsable del tratamiento FormadescoDirecci\u00f3n: TBDTel\u00e9fono: +52 55 4584 3550Email: info@formadesco.com En adelante, \u201cla Empresa\u201d. \u00c1mbito de aplicaci\u00f3n Esta Pol\u00edtica de [&hellip;]<\/p>\n","protected":false},"author":1,"featured_media":0,"parent":0,"menu_order":0,"comment_status":"closed","ping_status":"closed","template":"","meta":{"om_disable_all_campaigns":false,"_uag_custom_page_level_css":"","_monsterinsights_skip_tracking":false,"_monsterinsights_sitenote_active":false,"_monsterinsights_sitenote_note":"","_monsterinsights_sitenote_category":0,"site-sidebar-layout":"default","site-content-layout":"","ast-site-content-layout":"default","site-content-style":"default","site-sidebar-style":"default","ast-global-header-display":"","ast-banner-title-visibility":"","ast-main-header-display":"","ast-hfb-above-header-display":"","ast-hfb-below-header-display":"","ast-hfb-mobile-header-display":"","site-post-title":"disabled","ast-breadcrumbs-content":"","ast-featured-img":"","footer-sml-layout":"","ast-disable-related-posts":"","theme-transparent-header-meta":"","adv-header-id-meta":"","stick-header-meta":"","header-above-stick-meta":"","header-main-stick-meta":"","header-below-stick-meta":"","astra-migrate-meta-layouts":"set","ast-page-background-enabled":"default","ast-page-background-meta":{"desktop":{"background-color":"","background-image":"","background-repeat":"repeat","background-position":"center center","background-size":"auto","background-attachment":"scroll","background-type":"","background-media":"","overlay-type":"","overlay-color":"","overlay-opacity":"","overlay-gradient":""},"tablet":{"background-color":"","background-image":"","background-repeat":"repeat","background-position":"center center","background-size":"auto","background-attachment":"scroll","background-type":"","background-media":"","overlay-type":"","overlay-color":"","overlay-opacity":"","overlay-gradient":""},"mobile":{"background-color":"","background-image":"","background-repeat":"repeat","background-position":"center center","background-size":"auto","background-attachment":"scroll","background-type":"","background-media":"","overlay-type":"","overlay-color":"","overlay-opacity":"","overlay-gradient":""}},"ast-content-background-meta":{"desktop":{"background-color":"var(--ast-global-color-5)","background-image":"","background-repeat":"repeat","background-position":"center center","background-size":"auto","background-attachment":"scroll","background-type":"","background-media":"","overlay-type":"","overlay-color":"","overlay-opacity":"","overlay-gradient":""},"tablet":{"background-color":"var(--ast-global-color-5)","background-image":"","background-repeat":"repeat","background-position":"center center","background-size":"auto","background-attachment":"scroll","background-type":"","background-media":"","overlay-type":"","overlay-color":"","overlay-opacity":"","overlay-gradient":""},"mobile":{"background-color":"var(--ast-global-color-5)","background-image":"","background-repeat":"repeat","background-position":"center center","background-size":"auto","background-attachment":"scroll","background-type":"","background-media":"","overlay-type":"","overlay-color":"","overlay-opacity":"","overlay-gradient":""}},"footnotes":""},"class_list":["post-3","page","type-page","status-publish","hentry"],"aioseo_notices":[],"_hostinger_reach_plugin_has_subscription_block":false,"_hostinger_reach_plugin_is_elementor":false,"uagb_featured_image_src":{"full":false,"thumbnail":false,"medium":false,"medium_large":false,"large":false,"1536x1536":false,"2048x2048":false,"trp-custom-language-flag":false},"uagb_author_info":{"display_name":"lorenbrorealestate@gmail.com","author_link":"https:\/\/formadesco.com\/en\/author\/lorenbrorealestategmail-com\/"},"uagb_comment_info":0,"uagb_excerpt":"Responsable del tratamiento FormadescoDirecci\u00f3n: TBDTel\u00e9fono: +52 55 4584 3550Email: info@formadesco.com En adelante, \u201cla Empresa\u201d. \u00c1mbito de aplicaci\u00f3n Esta Pol\u00edtica de [&hellip;]","_links":{"self":[{"href":"https:\/\/formadesco.com\/en\/wp-json\/wp\/v2\/pages\/3","targetHints":{"allow":["GET"]}}],"collection":[{"href":"https:\/\/formadesco.com\/en\/wp-json\/wp\/v2\/pages"}],"about":[{"href":"https:\/\/formadesco.com\/en\/wp-json\/wp\/v2\/types\/page"}],"author":[{"embeddable":true,"href":"https:\/\/formadesco.com\/en\/wp-json\/wp\/v2\/users\/1"}],"replies":[{"embeddable":true,"href":"https:\/\/formadesco.com\/en\/wp-json\/wp\/v2\/comments?post=3"}],"version-history":[{"count":5,"href":"https:\/\/formadesco.com\/en\/wp-json\/wp\/v2\/pages\/3\/revisions"}],"predecessor-version":[{"id":1800,"href":"https:\/\/formadesco.com\/en\/wp-json\/wp\/v2\/pages\/3\/revisions\/1800"}],"wp:attachment":[{"href":"https:\/\/formadesco.com\/en\/wp-json\/wp\/v2\/media?parent=3"}],"curies":[{"name":"wp","href":"https:\/\/api.w.org\/{rel}","templated":true}]}}